{"id":1010,"date":"2021-04-29T21:53:04","date_gmt":"2021-04-29T19:53:04","guid":{"rendered":"http:\/\/maths-code.fr\/cours\/?page_id=1010"},"modified":"2023-04-13T21:08:13","modified_gmt":"2023-04-13T19:08:13","slug":"knn","status":"publish","type":"page","link":"https:\/\/maths-code.fr\/cours\/knn\/","title":{"rendered":"Algorithme knn"},"content":{"rendered":"<h4>Algorithme des k-plus proches voisins ( k-nearest neighbors).<\/h4>\n<p>Il s\u2019agit d\u2019un algorithme d\u2019apprentissage supervis\u00e9. Il sert aussi bien pour:<\/p>\n<ul>\n<li>la classification o\u00f9 on va pr\u00e9dire la classe d&rsquo;un nouvel \u00e9l\u00e9ment<br \/>\n&#8211;<em>Exemple:<\/em> D\u00e9terminer la couleur d&rsquo;un fruit en fonction de sa largeur et de sa hauteur.<\/li>\n<li>la r\u00e9gression o\u00f9 on va trouver une valeur r\u00e9elle pour le nouvel \u00e9l\u00e9ment.<br \/>\n&#8211;<em>Exemple:<\/em> Estimer le poids d&rsquo;une personne en fonction de sa taille.<\/p>\n<blockquote><p>C&rsquo;est ce type d&rsquo;algorithme qu&rsquo;utilisent de nombreuses soci\u00e9t\u00e9s comme les GAFAM pour cerner leurs utilisateurs en termes de consommation.<\/p><\/blockquote>\n<\/li>\n<\/ul>\n<p>Raison de plus pour \u00e9tudier son fonctionnement !<\/p>\n<hr \/>\n<h4>Cours<\/h4>\n<p>Le cours illustr\u00e9 par le\u00a0 TP \u00ab\u00a0Zombie\u00a0\u00bb:<\/p>\n<ul>\n<li><a title=\"Cours_KNN.pdf\" href=\"http:\/\/maths-code.fr\/NSI\/1ere\/KNN\/Cours_KNN.pdf\">Cours_KNN.pdf<\/a><\/li>\n<li><a href=\"https:\/\/maths-code.fr\/NSI\/1ere\/KNN\/Zombies.csv\">Fichier <\/a><a href=\"https:\/\/maths-code.fr\/NSI\/1ere\/KNN\/Zombies.csv\">\u00ab\u00a0Zombies<\/a><a href=\"https:\/\/maths-code.fr\/NSI\/1ere\/KNN\/Zombies.csv\">\u00a0\u00bb du TP <\/a>.<\/li>\n<\/ul>\n","protected":false},"excerpt":{"rendered":"<p>Algorithme des k-plus proches voisins ( k-nearest neighbors). Il s\u2019agit d\u2019un algorithme d\u2019apprentissage supervis\u00e9. Il sert aussi bien pour: la classification o\u00f9 on va pr\u00e9dire la classe d&rsquo;un nouvel \u00e9l\u00e9ment &#8211;Exemple: D\u00e9terminer la couleur d&rsquo;un fruit en fonction de sa largeur et de sa hauteur. la r\u00e9gression o\u00f9 on va trouver une valeur r\u00e9elle pour le nouvel \u00e9l\u00e9ment. &#8211;Exemple: Estimer le poids d&rsquo;une personne en fonction de sa taille. C&rsquo;est ce type d&rsquo;algorithme qu&rsquo;utilisent de nombreuses soci\u00e9t\u00e9s comme les GAFAM pour cerner leurs utilisateurs en termes de consommation. Raison de plus pour \u00e9tudier son fonctionnement ! Cours Le cours illustr\u00e9 par le\u00a0 TP \u00ab\u00a0Zombie\u00a0\u00bb: Cours_KNN.pdf Fichier \u00ab\u00a0Zombies\u00a0\u00bb du TP .<\/p>\n","protected":false},"author":1,"featured_media":0,"parent":0,"menu_order":0,"comment_status":"closed","ping_status":"closed","template":"","meta":{"_import_markdown_pro_load_document_selector":0,"_import_markdown_pro_submit_text_textarea":"","footnotes":""},"class_list":["post-1010","page","type-page","status-publish","hentry"],"acf":[],"_links":{"self":[{"href":"https:\/\/maths-code.fr\/cours\/wp-json\/wp\/v2\/pages\/1010","targetHints":{"allow":["GET"]}}],"collection":[{"href":"https:\/\/maths-code.fr\/cours\/wp-json\/wp\/v2\/pages"}],"about":[{"href":"https:\/\/maths-code.fr\/cours\/wp-json\/wp\/v2\/types\/page"}],"author":[{"embeddable":true,"href":"https:\/\/maths-code.fr\/cours\/wp-json\/wp\/v2\/users\/1"}],"replies":[{"embeddable":true,"href":"https:\/\/maths-code.fr\/cours\/wp-json\/wp\/v2\/comments?post=1010"}],"version-history":[{"count":12,"href":"https:\/\/maths-code.fr\/cours\/wp-json\/wp\/v2\/pages\/1010\/revisions"}],"predecessor-version":[{"id":3377,"href":"https:\/\/maths-code.fr\/cours\/wp-json\/wp\/v2\/pages\/1010\/revisions\/3377"}],"wp:attachment":[{"href":"https:\/\/maths-code.fr\/cours\/wp-json\/wp\/v2\/media?parent=1010"}],"curies":[{"name":"wp","href":"https:\/\/api.w.org\/{rel}","templated":true}]}}