{"id":248,"date":"2020-08-25T12:16:37","date_gmt":"2020-08-25T10:16:37","guid":{"rendered":"http:\/\/maths-code.fr\/cours\/?page_id=248"},"modified":"2026-03-01T22:39:07","modified_gmt":"2026-03-01T21:39:07","slug":"reseau-et-internet","status":"publish","type":"page","link":"https:\/\/maths-code.fr\/cours\/reseau-et-internet\/","title":{"rendered":"407 Proxy Authentication Require"},"content":{"rendered":"\n<h3 class=\"wp-block-heading\">R\u00e9seau<\/h3>\n\n\n\n<p>Un r\u00e9seau est un syst\u00e8me compos\u00e9 d&rsquo;\u00e9l\u00e9ments mat\u00e9riels (contr\u00f4leur Ethernet, fibre optique etc.) et de logiciels dans le but de transporter un flux d&rsquo;information.<\/p>\n\n\n\n<blockquote class=\"wp-block-quote is-layout-flow wp-block-quote-is-layout-flow\">\n<p>Le r\u00e9seau militaire Arpanet n\u00e9 1958 au Etats-Unis a engendr\u00e9 le r\u00e9seau mondial Internet, c&rsquo;est au d\u00e9but des ann\u00e9es 1960 que nait l&rsquo;id\u00e9e de d\u00e9couper l&rsquo;information en paquets ind\u00e9pendants connaissant l&rsquo;adresse du destinataire.<\/p>\n<\/blockquote>\n\n\n\n<p>Ils peuvent ainsi emprunter des routes diff\u00e9rentes de routeur en routeur. Ces routeurs sont des ordinateurs assurant le routage des paquets. L&rsquo;information est finalement reconstitu\u00e9e chez le destinataire. <\/p>\n\n\n\n<p>10 ans plus tard na\u00eet le protocole IP: chaque ordinateur a une adresse num\u00e9rique cod\u00e9e sur 4 octets. Associ\u00e9 au protocole TCP pour le transport des donn\u00e9es \u00e9merge vers 1974 le protocole TCP\/IP.<br>\nLe mod\u00e8le OSI est un mod\u00e8le th\u00e9orique des r\u00e9seaux sur lequel se calque le protocole TCP\/IP mais sans correspondance exacte.<\/p>\n\n\n\n<p>Lorsqu&rsquo;une machine se connecte \u00e0 internet, elle doit respecter  ces normes ou protocoles expliqu\u00e9s ici dans leurs grandes lignes.<\/p>\n\n\n\n<hr class=\"wp-block-separator has-alpha-channel-opacity\"\/>\n\n\n\n<p>Nous utiliserons les logiciels <a title=\"Filius\" href=\"https:\/\/info.blaisepascal.fr\/nsi-simulation-de-reseau\">Filius<\/a> (tutoriel du lyc\u00e9e Blaise Pascal de Clermont-Ferrand) pour simuler un r\u00e9seau et Wireshark pour capturer les paquets.<br><a href=\"https:\/\/mcoilhac.forge.apps.education.fr\/site-nsi\/reseau\/reseau\/\">Le cours de Mireille Coilhac et Charles Poulmaire<\/a>.<br>Le cours r\u00e9seaux (pdf):<a title=\" Internet et mod\u00e8le en couches.\" href=\"http:\/\/maths-code.fr\/NSI\/1ere\/Reseaux\/Cours\/CoursNSI.pdf\">Internet et mod\u00e8le en couches.<\/a><\/p>\n\n\n\n<p><\/p>\n","protected":false},"excerpt":{"rendered":"<p>R\u00e9seau Un r\u00e9seau est un syst\u00e8me compos\u00e9 d&rsquo;\u00e9l\u00e9ments mat\u00e9riels (contr\u00f4leur Ethernet, fibre optique etc.) et de logiciels dans le but de transporter un flux d&rsquo;information. Le r\u00e9seau militaire Arpanet n\u00e9 1958 au Etats-Unis a engendr\u00e9 le r\u00e9seau mondial Internet, c&rsquo;est au d\u00e9but des ann\u00e9es 1960 que nait l&rsquo;id\u00e9e de d\u00e9couper l&rsquo;information en paquets ind\u00e9pendants connaissant l&rsquo;adresse du destinataire. Ils peuvent ainsi emprunter des routes diff\u00e9rentes de routeur en routeur. Ces routeurs sont des ordinateurs assurant le routage des paquets. L&rsquo;information est finalement reconstitu\u00e9e chez le destinataire. 10 ans plus tard na\u00eet le protocole IP: chaque ordinateur a une adresse num\u00e9rique cod\u00e9e sur 4 octets. Associ\u00e9 au protocole TCP pour le transport des donn\u00e9es \u00e9merge vers 1974 le protocole TCP\/IP. Le mod\u00e8le OSI est un mod\u00e8le th\u00e9orique des r\u00e9seaux sur lequel se calque le protocole TCP\/IP mais sans correspondance exacte. Lorsqu&rsquo;une machine se connecte \u00e0 internet, elle doit respecter ces normes ou protocoles expliqu\u00e9s ici dans leurs grandes lignes. Nous utiliserons les logiciels Filius (tutoriel du lyc\u00e9e Blaise Pascal de Clermont-Ferrand) pour simuler un r\u00e9seau et Wireshark pour capturer les paquets.Le cours de Mireille Coilhac et Charles Poulmaire.Le cours r\u00e9seaux (pdf):Internet et mod\u00e8le en couches.<\/p>\n","protected":false},"author":1,"featured_media":0,"parent":0,"menu_order":0,"comment_status":"closed","ping_status":"closed","template":"","meta":{"_import_markdown_pro_load_document_selector":0,"_import_markdown_pro_submit_text_textarea":"","footnotes":""},"class_list":["post-248","page","type-page","status-publish","hentry"],"acf":[],"_links":{"self":[{"href":"https:\/\/maths-code.fr\/cours\/wp-json\/wp\/v2\/pages\/248","targetHints":{"allow":["GET"]}}],"collection":[{"href":"https:\/\/maths-code.fr\/cours\/wp-json\/wp\/v2\/pages"}],"about":[{"href":"https:\/\/maths-code.fr\/cours\/wp-json\/wp\/v2\/types\/page"}],"author":[{"embeddable":true,"href":"https:\/\/maths-code.fr\/cours\/wp-json\/wp\/v2\/users\/1"}],"replies":[{"embeddable":true,"href":"https:\/\/maths-code.fr\/cours\/wp-json\/wp\/v2\/comments?post=248"}],"version-history":[{"count":12,"href":"https:\/\/maths-code.fr\/cours\/wp-json\/wp\/v2\/pages\/248\/revisions"}],"predecessor-version":[{"id":7119,"href":"https:\/\/maths-code.fr\/cours\/wp-json\/wp\/v2\/pages\/248\/revisions\/7119"}],"wp:attachment":[{"href":"https:\/\/maths-code.fr\/cours\/wp-json\/wp\/v2\/media?parent=248"}],"curies":[{"name":"wp","href":"https:\/\/api.w.org\/{rel}","templated":true}]}}