{"id":254,"date":"2020-08-25T12:25:32","date_gmt":"2020-08-25T10:25:32","guid":{"rendered":"http:\/\/maths-code.fr\/cours\/?page_id=254"},"modified":"2020-08-28T00:39:43","modified_gmt":"2020-08-27T22:39:43","slug":"le-web","status":"publish","type":"page","link":"https:\/\/maths-code.fr\/cours\/le-web\/","title":{"rendered":"Le Web"},"content":{"rendered":"\n<p>le Web tel qu&rsquo;on le conna\u00eet aujourd&rsquo;hui doit beaucoup \u00e0 l&rsquo;ing\u00e9nieur britannique Tim Berners Lee: l&rsquo;article consacr\u00e9 au <a href=\"https:\/\/interstices.info\/les-debuts-du-web-sous-loeil-du-w3c\/#1\" title=\"Web\">Web<\/a> sur l&rsquo;incontournable site <a href=\"https:\/\/interstices.info\/\" title=\"interstices.info\">interstices.info<\/a> vous en apprendra plus.<\/p>\n<p>Une capsule vid\u00e9o extraite d&rsquo;une chronique sur France inter:<\/p>\n<p><video controls=\"\" poster=\"http:\/\/maths-code.fr\/images\/NSI\/vignette.png\" width=\"320\" height=\"200\" >\n<source src=\"http:\/\/maths-code.fr\/videos\/NSI\/LanaissanceduWeb.mp4\">\n<\/video><\/p>\n\n<hr \/>\n<p>Le cours:  <a href=\"http:\/\/maths-code.fr\/NSI\/1ere\/Reseaux\/Web\/Internet_web.pdf\" title=\"Le Web et internet.\">Le Web et internet.<\/a><\/p>\n<hr \/>\n<h3>L&rsquo;histoire du Web et des navigateurs en 2 minutes<\/h3>\n<p>Le premier navigateur de l&rsquo;histoire fut <a href=\"https:\/\/fr.wikipedia.org\/wiki\/WorldWideWeb_(navigateur)\" title=\"WorldWideWeb\">WorldWideWeb<\/a> rebaptis\u00e9 Nexus. On remarque qu&rsquo;il fait partie du projet GNU !\nLe premier navigateur pouvant inclure des images au sein d&rsquo;une page Web fut Mosa\u00efc.<\/p>\n<p><strong>Un mot sur l&rsquo;histoire des navigateurs:<\/strong>\nBas\u00e9 sur Mosaic et cr\u00e9\u00e9 en 1994 par une \u00e9quipe venant de NCSA Mosaic, Netscape Navigator a \u00e9t\u00e9 le premier navigateur commercial distribu\u00e9 \u00e0 grande \u00e9chelle. Il fut torpill\u00e9 par des pratiques finalement jug\u00e9es ill\u00e9gales de Microsoft qui d\u00e9sirait imposer Internet Explorer et mettre la main sur l&rsquo;acc\u00e8s \u00e0 internet.<\/p>\n<p>Le 22 janvier 2002, AOL &#8211; Time Warner, propri\u00e9taire de Netscape intente un proc\u00e8s contre Microsoft, accus\u00e9 d&rsquo;avoir favoris\u00e9 Internet Explorer aux d\u00e9pens du navigateur.<\/p>\n<p>Le proc\u00e8s se conclut \u00e0 l&rsquo;amiable en juin 2003, Microsoft acceptant de payer 750 M$ pour mettre fin aux poursuites. Entre temps, Netscape a disparu.\nEn mars 2013, Bruxelles inflige une amende de 560 millions d\u2019euros \u00e0 Microsoft, pour avoir favoris\u00e9 son navigateur web, Internet Explorer, au d\u00e9triment de ceux de ses concurrents.\nVoil\u00e0 une partie de l&rsquo;histoire tumultueuse des navigateurs Web.<\/p>\n<hr \/>\n<p><em>R\u00e9f\u00e9rences:<\/em> <a href=\"https:\/\/fr.wikipedia.org\/wiki\/Affaires_et_controverses_de_Microsoft#Politique_hostile_envers_les_communaut%C3%A9s_des_logiciels_libres\/opensource\">https:\/\/fr.wikipedia.org\/wiki\/Affaires_et_controverses_de_Microsoft#Politique_hostile_envers_les_communaut%C3%A9s_des_logiciels_libres\/opensource<\/a><\/p>\n\n<p><\/p>\n","protected":false},"excerpt":{"rendered":"<p>le Web tel qu&rsquo;on le conna\u00eet aujourd&rsquo;hui doit beaucoup \u00e0 l&rsquo;ing\u00e9nieur britannique Tim Berners Lee: l&rsquo;article consacr\u00e9 au Web sur l&rsquo;incontournable site interstices.info vous en apprendra plus. Une capsule vid\u00e9o extraite d&rsquo;une chronique sur France inter: Le cours: Le Web et internet. L&rsquo;histoire du Web et des navigateurs en 2 minutes Le premier navigateur de l&rsquo;histoire fut WorldWideWeb rebaptis\u00e9 Nexus. On remarque qu&rsquo;il fait partie du projet GNU ! Le premier navigateur pouvant inclure des images au sein d&rsquo;une page Web fut Mosa\u00efc. Un mot sur l&rsquo;histoire des navigateurs: Bas\u00e9 sur Mosaic et cr\u00e9\u00e9 en 1994 par une \u00e9quipe venant de NCSA Mosaic, Netscape Navigator a \u00e9t\u00e9 le premier navigateur commercial distribu\u00e9 \u00e0 grande \u00e9chelle. Il fut torpill\u00e9 par des pratiques finalement jug\u00e9es ill\u00e9gales de Microsoft qui d\u00e9sirait imposer Internet Explorer et mettre la main sur l&rsquo;acc\u00e8s \u00e0 internet. Le 22 janvier 2002, AOL &#8211; Time Warner, propri\u00e9taire de Netscape intente un proc\u00e8s contre Microsoft, accus\u00e9 d&rsquo;avoir favoris\u00e9 Internet Explorer aux d\u00e9pens du navigateur. Le proc\u00e8s se conclut \u00e0 l&rsquo;amiable en juin 2003, Microsoft acceptant de payer 750 M$ pour mettre fin aux poursuites. Entre temps, Netscape a disparu. En mars 2013, Bruxelles inflige une amende de 560 millions d\u2019euros \u00e0 Microsoft, pour avoir favoris\u00e9 son navigateur web, Internet Explorer, au d\u00e9triment de ceux de ses concurrents. Voil\u00e0 une partie de l&rsquo;histoire tumultueuse des navigateurs Web. R\u00e9f\u00e9rences: https:\/\/fr.wikipedia.org\/wiki\/Affaires_et_controverses_de_Microsoft#Politique_hostile_envers_les_communaut%C3%A9s_des_logiciels_libres\/opensource<\/p>\n","protected":false},"author":1,"featured_media":0,"parent":0,"menu_order":0,"comment_status":"closed","ping_status":"closed","template":"","meta":{"_import_markdown_pro_load_document_selector":0,"_import_markdown_pro_submit_text_textarea":"","footnotes":""},"class_list":["post-254","page","type-page","status-publish","hentry"],"acf":[],"_links":{"self":[{"href":"https:\/\/maths-code.fr\/cours\/wp-json\/wp\/v2\/pages\/254","targetHints":{"allow":["GET"]}}],"collection":[{"href":"https:\/\/maths-code.fr\/cours\/wp-json\/wp\/v2\/pages"}],"about":[{"href":"https:\/\/maths-code.fr\/cours\/wp-json\/wp\/v2\/types\/page"}],"author":[{"embeddable":true,"href":"https:\/\/maths-code.fr\/cours\/wp-json\/wp\/v2\/users\/1"}],"replies":[{"embeddable":true,"href":"https:\/\/maths-code.fr\/cours\/wp-json\/wp\/v2\/comments?post=254"}],"version-history":[{"count":16,"href":"https:\/\/maths-code.fr\/cours\/wp-json\/wp\/v2\/pages\/254\/revisions"}],"predecessor-version":[{"id":267,"href":"https:\/\/maths-code.fr\/cours\/wp-json\/wp\/v2\/pages\/254\/revisions\/267"}],"wp:attachment":[{"href":"https:\/\/maths-code.fr\/cours\/wp-json\/wp\/v2\/media?parent=254"}],"curies":[{"name":"wp","href":"https:\/\/api.w.org\/{rel}","templated":true}]}}