{"id":3466,"date":"2023-04-28T15:02:02","date_gmt":"2023-04-28T13:02:02","guid":{"rendered":"https:\/\/maths-code.fr\/cours\/?page_id=3466"},"modified":"2023-05-28T14:27:48","modified_gmt":"2023-05-28T12:27:48","slug":"projet-miku","status":"publish","type":"page","link":"https:\/\/maths-code.fr\/cours\/projet-miku\/","title":{"rendered":"Projet Miku"},"content":{"rendered":"\n<h2 class=\"wp-block-heading\">De quoi s&rsquo;agit-il ?<\/h2>\n\n\n\n<figure class=\"wp-block-image size-large\"><img loading=\"lazy\" decoding=\"async\" width=\"1024\" height=\"576\" src=\"https:\/\/maths-code.fr\/cours\/wp-content\/uploads\/2023\/05\/Image_fin_film_Miku-1-1024x576.png\" alt=\"\" class=\"wp-image-3503\" srcset=\"https:\/\/maths-code.fr\/cours\/wp-content\/uploads\/2023\/05\/Image_fin_film_Miku-1-1024x576.png 1024w, https:\/\/maths-code.fr\/cours\/wp-content\/uploads\/2023\/05\/Image_fin_film_Miku-1-300x169.png 300w, https:\/\/maths-code.fr\/cours\/wp-content\/uploads\/2023\/05\/Image_fin_film_Miku-1-768x432.png 768w, https:\/\/maths-code.fr\/cours\/wp-content\/uploads\/2023\/05\/Image_fin_film_Miku-1-1140x641.png 1140w, https:\/\/maths-code.fr\/cours\/wp-content\/uploads\/2023\/05\/Image_fin_film_Miku-1.png 1280w\" sizes=\"auto, (max-width: 1024px) 100vw, 1024px\" \/><\/figure>\n\n\n\n<p><\/p>\n\n\n\n<p><\/p>\n\n\n\n<p><\/p>\n\n\n\n<p>Projet Miku pr\u00e9sent\u00e9 au concours des Troph\u00e9es NSI 2023, concours National des \u00e9l\u00e8ves qui ont choisi&nbsp;la sp\u00e9cialit\u00e9 NSI : Num\u00e9rique et Sciences Informatiques, comme sp\u00e9cialit\u00e9 au Baccalaur\u00e9at.<\/p>\n\n\n\n<p>L\u00e9a, Ninon, Julien et Louis quatre \u00e9l\u00e8ves de premi\u00e8re au<strong> Lyc\u00e9e CARNOT de Bruay La Buissi\u00e8re<\/strong>, vous pr\u00e9sentent <strong>Miku<\/strong> une <strong>IA<\/strong> (<strong>I<\/strong>ntelligence <strong>A<\/strong>rtificielle) conversationnelle qui utilise <strong>ChatGPT<\/strong> avec un compte gratuit (GPT-3).<\/p>\n\n\n<div class=\"wp-block-image\">\n<figure class=\"aligncenter size-full is-resized\"><img loading=\"lazy\" decoding=\"async\" src=\"https:\/\/maths-code.fr\/cours\/wp-content\/uploads\/2023\/05\/robot_Miku.png\" alt=\"\" class=\"wp-image-3826\" width=\"659\" height=\"402\" srcset=\"https:\/\/maths-code.fr\/cours\/wp-content\/uploads\/2023\/05\/robot_Miku.png 878w, https:\/\/maths-code.fr\/cours\/wp-content\/uploads\/2023\/05\/robot_Miku-300x183.png 300w, https:\/\/maths-code.fr\/cours\/wp-content\/uploads\/2023\/05\/robot_Miku-768x469.png 768w\" sizes=\"auto, (max-width: 659px) 100vw, 659px\" \/><figcaption class=\"wp-element-caption\">[Illustration : David Revoy-Licence CC-BY 4.0 ]<\/figcaption><\/figure>\n<\/div>\n\n\n<h2 class=\"wp-block-heading has-medium-font-size\"><strong>Les particularit\u00e9s de Miku sont:<\/strong><\/h2>\n\n\n\n<p>1- On lui pose les questions en parlant et elle nous r\u00e9pond en utilisant une synth\u00e8se vocale.<\/p>\n\n\n\n<p>2- Elle est nomade.<\/p>\n\n\n\n<h2 class=\"wp-block-heading has-medium-font-size\"><strong>Partie r\u00e9seau:<\/strong><\/h2>\n\n\n\n<p>Pour communiquer avec l\u2019IA on partage notre connexion de smartphone.<\/p>\n\n\n\n<h2 class=\"wp-block-heading has-medium-font-size\"><strong>Ordinateur:<\/strong><\/h2>\n\n\n\n<p>Miku est impl\u00e9ment\u00e9e sur un nano-ordinateur Raspberry Pi4 (8Go).<\/p>\n\n\n\n<h2 class=\"wp-block-heading has-medium-font-size\"><strong>Syst\u00e8me d&rsquo;exploitation:<\/strong><\/h2>\n\n\n\n<p>D\u00e9velopp\u00e9e sous OS DEBIAN version 11 (bullseye) en date du 21\/02\/2023. C&rsquo;est une distribution GNU\/Linux, syst\u00e8me d&rsquo;exploitation libre.<\/p>\n\n\n\n<p>Le syst\u00e8me, les applications, librairies, programmes, et mat\u00e9riels (Pi) utilis\u00e9s dans ce projet <strong>sont tous libres de droits<\/strong> et tr\u00e8s peu \u00e9nergivores (nomade).<\/p>\n\n\n\n<p><br>Seule la r\u00e9ponse de l\u2019IA ChatGPT ne peut \u00eatre contr\u00f4l\u00e9e ! Ce projet doit nous permettre d&rsquo;apprendre \u00e0 utiliser l\u2019IA de mani\u00e8re intelligente, apprendre \u00e0 poser les bonnes questions, \u00eatre plus efficients dans notre rapport \u00e0 l\u2019IA. C\u2019est incontournable, il y en aura de plus en plus. En r\u00e9alisant ce projet ludique \u00e0 moins de 100\u20ac et nomade nous pourrons tous appr\u00e9hender le monde de l\u2019IA.<\/p>\n\n\n\n<p><\/p>\n\n\n\n<p> <\/p>\n\n\n\n<p>Vous trouverez ci-dessous le lien pour t\u00e9l\u00e9charger tous les \u00e9l\u00e9ments du projet:<\/p>\n\n\n\n<ul class=\"wp-block-list\">\n<li>La documentation (doc) <\/li>\n\n\n\n<li>Les sources (sources).<br><a href=\"https:\/\/maths-code.fr\/cours\/wp-content\/uploads\/2023\/05\/Projet_Miku-1.zip\" data-type=\"URL\" data-id=\"https:\/\/maths-code.fr\/cours\/wp-content\/uploads\/2023\/05\/Projet_Miku-1.zip\">T\u00e9lecharger le fichier compress\u00e9 du projet MIKU.<\/a><\/li>\n<\/ul>\n\n\n<div class=\"wp-block-image\">\n<figure class=\"aligncenter size-large is-resized\"><img loading=\"lazy\" decoding=\"async\" src=\"https:\/\/maths-code.fr\/cours\/wp-content\/uploads\/2023\/04\/Consommation_Miku-1024x768.jpg\" alt=\"\" class=\"wp-image-3473\" width=\"468\" height=\"351\" srcset=\"https:\/\/maths-code.fr\/cours\/wp-content\/uploads\/2023\/04\/Consommation_Miku-1024x768.jpg 1024w, https:\/\/maths-code.fr\/cours\/wp-content\/uploads\/2023\/04\/Consommation_Miku-300x225.jpg 300w, https:\/\/maths-code.fr\/cours\/wp-content\/uploads\/2023\/04\/Consommation_Miku-768x576.jpg 768w, https:\/\/maths-code.fr\/cours\/wp-content\/uploads\/2023\/04\/Consommation_Miku-1536x1152.jpg 1536w, https:\/\/maths-code.fr\/cours\/wp-content\/uploads\/2023\/04\/Consommation_Miku-2048x1536.jpg 2048w, https:\/\/maths-code.fr\/cours\/wp-content\/uploads\/2023\/04\/Consommation_Miku-1140x855.jpg 1140w\" sizes=\"auto, (max-width: 468px) 100vw, 468px\" \/><figcaption class=\"wp-element-caption\">Consommation moyenne environ 3Wh!<\/figcaption><\/figure>\n<\/div>\n\n\n<h2 class=\"wp-block-heading\">Clip de pr\u00e9sentation<\/h2>\n\n\n<p>D\u00e9monstration en image du dispositif.<br>Cette vid\u00e9o est visible sur <a href=\"https:\/\/tube-numerique-educatif.apps.education.fr\/w\/1Kz7L5HSPm69qXDvyJgYWA\" target=\"_blank\" rel=\"noopener\">Peertube,<\/a> o<span data-v-f2e355cc=\"\">util de partage de vid\u00e9os en ligne con\u00e7u par <a href=\"https:\/\/framasoft.org\" target=\"_blank\" rel=\"noopener noreferrer\">Framasoft<\/a>, une association fran\u00e7aise \u00e0 but non lucratif.<\/span><\/p>\n<p><\/p>\n<p><\/p><center><iframe loading=\"lazy\" title=\"Projet_Miku\" src=\"https:\/\/tube-numerique-educatif.apps.education.fr\/videos\/embed\/06156412-b409-43c3-85df-c789fbbf35f6\" sandbox=\"allow-same-origin allow-scripts allow-popups\" allowfullscreen=\"allowfullscreen\" width=\"560\" height=\"315\" frameborder=\"0\"><\/iframe><\/center><p><\/p>\n\n\n<h2 class=\"wp-block-heading has-medium-font-size\"><strong>Am\u00e9liorations:<\/strong><\/h2>\n\n\n\n<p><strong>Le projet \u00ab\u00a0MIKU\u00a0\u00bb ne fait que d\u00e9marrer \ud83d\ude09 de nombreuses am\u00e9liorations sont possibles.<\/strong><\/p>\n\n\n\n<p><strong>Changer l&rsquo;IA ChatGPT par une IA libre de droits<\/strong> permettrais de rendre l&rsquo;int\u00e9gralit\u00e9 de ce projet libre!<\/p>\n\n\n\n<figure class=\"wp-block-image size-full is-resized\"><img loading=\"lazy\" decoding=\"async\" src=\"https:\/\/maths-code.fr\/cours\/wp-content\/uploads\/2023\/05\/image.png\" alt=\"\" class=\"wp-image-3554\" width=\"116\" height=\"116\" srcset=\"https:\/\/maths-code.fr\/cours\/wp-content\/uploads\/2023\/05\/image.png 150w, https:\/\/maths-code.fr\/cours\/wp-content\/uploads\/2023\/05\/image-75x75.png 75w\" sizes=\"auto, (max-width: 116px) 100vw, 116px\" \/><\/figure>\n\n\n\n<p><strong>HuggingChat<\/strong> pourrai \u00eatre utilis\u00e9 ou <strong>Le Robot de Mastodon <\/strong>? Ce sera n\u00e9cessaire pour rendre compl\u00e9tement libre ce projet.<\/p>\n\n\n\n<p><strong>La voix<\/strong> bien-s\u00fbr, elle est encore bien trop robotis\u00e9e&#8230; trouver des voix plus humaines et libres sera un objectif en constante \u00e9volution.<\/p>\n\n\n\n<p><strong>Des versions en langue \u00e9trang\u00e8res<\/strong>, <strong>VOSK<\/strong> poss\u00e8de une vingtaine de langues diff\u00e9rentes<\/p>\n\n\n\n<p><\/p>\n\n\n\n<p><strong>Des fonctions domotiques peuvent \u00eatre d\u00e9velopp\u00e9es sur MIKU:<\/strong><\/p>\n\n\n\n<p><strong>Des fonctions purement logiciels<\/strong>, quelle heure est-il ? la date ? le jour ? Etc. <\/p>\n\n\n\n<p>La r\u00e9cup\u00e9ration d&rsquo;informations sur certaines plate-formes avec une cl\u00e9 API comme la m\u00e9t\u00e9o locale<\/p>\n\n\n\n<p>pourront \u00eatre impl\u00e9ment\u00e9es!<\/p>\n\n\n\n<p><strong>Des fonctions \u00ab\u00a0mat\u00e9riel\u00a0\u00bb:<\/strong> en pilotant le<strong> GPIO<\/strong> de la carte Raspberry Pi de nombreuses solutions de communication s&rsquo;offrent \u00e0 nous \ud83d\ude09<\/p>\n\n\n\n<p><a href=\"https:\/\/www.raspberrypi-france.fr\/comment-utiliser-les-port-gpio-raspberry-pi\/\" data-type=\"URL\" data-id=\"https:\/\/www.raspberrypi-france.fr\/comment-utiliser-les-port-gpio-raspberry-pi\/\">Pr\u00e9sentation des principales librairies pour interagir avec le port GPIO:<\/a><\/p>\n\n\n\n<p><\/p>\n\n\n\n<p><strong>Int\u00e9grer une carte SIM et une carte GSM<\/strong> pour pouvoir utiliser MIKU sans SmartPhone ?<\/p>\n\n\n\n<p>Une version 5G ? avec un \u00e9cran ?? pour les vid\u00e9os ???<\/p>\n\n\n\n<p>Int\u00e9grer le micro dans la boite \ud83d\ude09<\/p>\n\n\n\n<p>Impl\u00e9menter sur une<strong> Raspberry Pi z\u00e9ro 2W<\/strong>, pour une version minimaliste?<\/p>\n\n\n\n<p><\/p>\n","protected":false},"excerpt":{"rendered":"<p>De quoi s&rsquo;agit-il ? Projet Miku pr\u00e9sent\u00e9 au concours des Troph\u00e9es NSI 2023, concours National des \u00e9l\u00e8ves qui ont choisi&nbsp;la sp\u00e9cialit\u00e9 NSI : Num\u00e9rique et Sciences Informatiques, comme sp\u00e9cialit\u00e9 au Baccalaur\u00e9at. L\u00e9a, Ninon, Julien et Louis quatre \u00e9l\u00e8ves de premi\u00e8re au Lyc\u00e9e CARNOT de Bruay La Buissi\u00e8re, vous pr\u00e9sentent Miku une IA (Intelligence Artificielle) conversationnelle qui utilise ChatGPT avec un compte gratuit (GPT-3). Les particularit\u00e9s de Miku sont: 1- On lui pose les questions en parlant et elle nous r\u00e9pond en utilisant une synth\u00e8se vocale. 2- Elle est nomade. Partie r\u00e9seau: Pour communiquer avec l\u2019IA on partage notre connexion de smartphone. Ordinateur: Miku est impl\u00e9ment\u00e9e sur un nano-ordinateur Raspberry Pi4 (8Go). Syst\u00e8me d&rsquo;exploitation: D\u00e9velopp\u00e9e sous OS DEBIAN version 11 (bullseye) en date du 21\/02\/2023. C&rsquo;est une distribution GNU\/Linux, syst\u00e8me d&rsquo;exploitation libre. Le syst\u00e8me, les applications, librairies, programmes, et mat\u00e9riels (Pi) utilis\u00e9s dans ce projet sont tous libres de droits et tr\u00e8s peu \u00e9nergivores (nomade). Seule la r\u00e9ponse de l\u2019IA ChatGPT ne peut \u00eatre contr\u00f4l\u00e9e ! Ce projet doit nous permettre d&rsquo;apprendre \u00e0 utiliser l\u2019IA de mani\u00e8re intelligente, apprendre \u00e0 poser les bonnes questions, \u00eatre plus efficients dans notre rapport \u00e0 l\u2019IA. C\u2019est incontournable, il y en aura de plus en plus. En r\u00e9alisant ce projet ludique \u00e0 moins de 100\u20ac et nomade nous pourrons tous appr\u00e9hender le monde de l\u2019IA. Vous trouverez ci-dessous le lien pour t\u00e9l\u00e9charger tous les \u00e9l\u00e9ments du projet: Clip de pr\u00e9sentation D\u00e9monstration en image du dispositif.Cette vid\u00e9o est visible sur Peertube, outil de partage de vid\u00e9os en ligne con\u00e7u par Framasoft, une association fran\u00e7aise \u00e0 but non lucratif. Am\u00e9liorations: Le projet \u00ab\u00a0MIKU\u00a0\u00bb ne fait que d\u00e9marrer \ud83d\ude09 de nombreuses am\u00e9liorations sont possibles. Changer l&rsquo;IA ChatGPT par une IA libre de droits permettrais de rendre l&rsquo;int\u00e9gralit\u00e9 de ce projet libre! HuggingChat pourrai \u00eatre utilis\u00e9 ou Le Robot de Mastodon ? Ce sera n\u00e9cessaire pour rendre compl\u00e9tement libre ce projet. La voix bien-s\u00fbr, elle est encore bien trop robotis\u00e9e&#8230; trouver des voix plus humaines et libres sera un objectif en constante \u00e9volution. Des versions en langue \u00e9trang\u00e8res, VOSK poss\u00e8de une vingtaine de langues diff\u00e9rentes Des fonctions domotiques peuvent \u00eatre d\u00e9velopp\u00e9es sur MIKU: Des fonctions purement logiciels, quelle heure est-il ? la date ? le jour ? Etc. La r\u00e9cup\u00e9ration d&rsquo;informations sur certaines plate-formes avec une cl\u00e9 API comme la m\u00e9t\u00e9o locale pourront \u00eatre impl\u00e9ment\u00e9es! Des fonctions \u00ab\u00a0mat\u00e9riel\u00a0\u00bb: en pilotant le GPIO de la carte Raspberry Pi de nombreuses solutions de communication s&rsquo;offrent \u00e0 nous \ud83d\ude09 Pr\u00e9sentation des principales librairies pour interagir avec le port GPIO: Int\u00e9grer une carte SIM et une carte GSM pour pouvoir utiliser MIKU sans SmartPhone ? Une version 5G ? avec un \u00e9cran ?? pour les vid\u00e9os ??? Int\u00e9grer le micro dans la boite \ud83d\ude09 Impl\u00e9menter sur une Raspberry Pi z\u00e9ro 2W, pour une version minimaliste?<\/p>\n","protected":false},"author":3,"featured_media":0,"parent":0,"menu_order":0,"comment_status":"closed","ping_status":"closed","template":"","meta":{"_import_markdown_pro_load_document_selector":0,"_import_markdown_pro_submit_text_textarea":"","footnotes":""},"class_list":["post-3466","page","type-page","status-publish","hentry"],"acf":[],"_links":{"self":[{"href":"https:\/\/maths-code.fr\/cours\/wp-json\/wp\/v2\/pages\/3466","targetHints":{"allow":["GET"]}}],"collection":[{"href":"https:\/\/maths-code.fr\/cours\/wp-json\/wp\/v2\/pages"}],"about":[{"href":"https:\/\/maths-code.fr\/cours\/wp-json\/wp\/v2\/types\/page"}],"author":[{"embeddable":true,"href":"https:\/\/maths-code.fr\/cours\/wp-json\/wp\/v2\/users\/3"}],"replies":[{"embeddable":true,"href":"https:\/\/maths-code.fr\/cours\/wp-json\/wp\/v2\/comments?post=3466"}],"version-history":[{"count":39,"href":"https:\/\/maths-code.fr\/cours\/wp-json\/wp\/v2\/pages\/3466\/revisions"}],"predecessor-version":[{"id":3828,"href":"https:\/\/maths-code.fr\/cours\/wp-json\/wp\/v2\/pages\/3466\/revisions\/3828"}],"wp:attachment":[{"href":"https:\/\/maths-code.fr\/cours\/wp-json\/wp\/v2\/media?parent=3466"}],"curies":[{"name":"wp","href":"https:\/\/api.w.org\/{rel}","templated":true}]}}