{"id":448,"date":"2020-09-30T11:32:13","date_gmt":"2020-09-30T09:32:13","guid":{"rendered":"http:\/\/maths-code.fr\/cours\/?page_id=448"},"modified":"2024-02-14T22:06:14","modified_gmt":"2024-02-14T21:06:14","slug":"classe-de-1stmg","status":"publish","type":"page","link":"https:\/\/maths-code.fr\/cours\/classe-de-1stmg\/","title":{"rendered":"Classe de 1stmg"},"content":{"rendered":"<p>Voici la progression de la classe de premi\u00e8re STMG pour cette ann\u00e9 2023-2024. Toute l&rsquo;ann\u00e9e ces chapitres seront agr\u00e9ment\u00e9s d&rsquo;<a title=\"algorithmique\" href=\"https:\/\/fr.wikipedia.org\/wiki\/Algorithmique\">algorithmique<\/a> avec l&rsquo;utilisation du logiciel de programmation <strong><a title=\"Python\" href=\"http:\/\/maths-code.fr\/NSI\/1ere\/Cours-Python_2020.pdf\">Python<\/a><\/strong> et du tableur LibreOffice CALC.<br \/>\nN&rsquo;h\u00e9sitez pas \u00e0 vous procurer l&rsquo;interpr\u00e9teur Python utilis\u00e9 en classe sur votre ordinateur: THONNY logiciel libre et gratuit disponible sur<a title=\" http:\/\/thonny.org\" href=\"http:\/\/thonny.org\"> http:\/\/thonny.org<\/a>.<br \/>\nEn plus de la boite mail et de l&rsquo; Espace Num\u00e9rique de Travail, le <a title=\"forum\" href=\"http:\/\/maths-code.fr\/forum\/index.php?sid=c1d062cfaca213fddb10372fc42d138b\">forum<\/a> reste une option pour poser vos questions, il sera utile pour tout travail en distanciel.<\/p>\n\n\n<ul class=\"wp-block-list\">\n<li><strong>Un site d&rsquo;exercices<\/strong>:<a href=\"https:\/\/coopmaths.fr\/2e\/\" target=\"_blank\" rel=\"noopener\"> MathALEA par CoopMaths.<\/a> Site interactif avec des exercices et leur corrections sous licence libre CC-BY-SA. Parfait pour les automatismes.<\/li>\n\n\n\n<li>Un site d&rsquo;apprentissage ludique de Python : <a href=\"https:\/\/py-rates.fr\/guide\/FR\/\">Py-rates.fr<\/a><\/li>\n\n\n\n<li><strong><a href=\"https:\/\/www.youtube.com\/watch?v=RVB3PBPxMWg&amp;t=300s\">L&rsquo;excellente vid\u00e9o du blog science \u00e9tonnante<\/a><\/strong> pour optimiser l&rsquo;efficacit\u00e9 de votre travail personnel, bas\u00e9 sur de r\u00e9elles \u00e9tudes sicentifiques. Il y est question de r\u00e9p\u00e9tition avec un bon am\u00e9nagement des intervalle de temps, d&rsquo;auto test, d&rsquo;apprentissage actif par des cartes mentales et pleins d&rsquo;autres astuces comme <a href=\"https:\/\/confetticampus.fr\/tips\/mieux-reviser-avec-des-flashcards\/systeme-ou-methode-d-apprentissage-leitner\/\">la boite de Leitner<\/a>, qui peut \u00eatre g\u00e9r\u00e9 par un logiciel comme <a href=\"https:\/\/fr.wikipedia.org\/wiki\/Anki\">Anki<\/a>.<\/li>\n<\/ul>\n\n\n<hr \/>\n<p><a title=\"Python\" href=\"http:\/\/maths-code.fr\/Seconde\/images\/python-bandeau\"><img decoding=\"async\" title=\"Python\" src=\"http:\/\/maths-code.fr\/Seconde\/images\/python-bandeau.png\" alt=\"Python\" \/><\/a><br \/><em>L&rsquo;\u00e9tude de l&rsquo;<a title=\"algorithmique\" href=\"https:\/\/maths-code.fr\/cours\/algorithmique\/\">algorithmique<\/a> avec le support du langage Python entreprise en seconde sera poursuivie en premi\u00e8re.<\/em><\/p>\n<hr \/>\n<ul>\n<li><strong><a title=\"Automatismes\" href=\"https:\/\/www.jai20enmaths.com\/1ere-sti2d\/automatismes-calcul-numerique-et-algebrique\">Automatismes<\/a><\/strong><br \/>\u2022 Priorit\u00e9s op\u00e9ratoires, calculer avec des fractions, des puissances.<br \/>\u2022 Exprimer une proportion sous diff\u00e9rentes formes.<\/li>\n<li><strong>Les suites num\u00e9riques I<\/strong><br \/>\u2022 D\u00e9finiton par r\u00e9currence, explicite.<br \/>\u2022 Repr\u00e9sentations graphiques, variations.<br \/>\u2022 Mod\u00e9liser une situation \u00e0 l&rsquo;aide d&rsquo;une suite.<br \/>\u2022 <a title=\"Algorithmique\" href=\"https:\/\/maths-code.fr\/cours\/algorithmique\/\">Algorithmique<\/a>: affectations, boucle <em>pour<\/em><\/li>\n<li><strong>Automatismes<\/strong><br \/>\u2022 R\u00e9soudre une \u00e9quation ou une in\u00e9quation.<br \/>\u2022 Signe d&rsquo;une expression du premier degr\u00e9.<\/li>\n<\/ul>\n<p><em>Vacances de Toussaint du 18\/10 au 01\/11<\/em><\/p>\n<ul>\n<li><strong>Fonctions (approche graphique et expression litt\u00e9rale)<\/strong>,<br \/>\u2022 Images, ant\u00e9c\u00e9dents.<br \/>\u2022 R\u00e9solution graphique d&rsquo;\u00e9quations ou d&rsquo;in\u00e9quations.<br \/>\u2022Taux de variation, monotonie.<br \/>\u2022<a title=\"Algorithmique\" href=\"https:\/\/maths-code.fr\/cours\/algorithmique\/\">Algorithmique<\/a>: <a title=\"Fonctions\" href=\"http:\/\/maths-code.fr\/Seconde\/Algorithmique\/fonctions_boucles.pdf\">Fonctions<\/a> en Python.<\/li>\n<li><strong>Statistiques et probabilit\u00e9s<\/strong><br \/>\u2022Tableaux crois\u00e9s.<br \/>\u2022 Fr\u00e9quence conditionnelle.<\/li>\n<li><strong>Fonctions II<\/strong>,<br \/>\u2022 Fonctions de degr\u00e9 2 et 3.<br \/>\u2022 Algorithmique: Boucle Tant Que.<\/li>\n<li><strong>Les suites num\u00e9riques II<\/strong><br \/>\u2022 Suites arithm\u00e9tiques.<br \/>\u2022 Suites g\u00e9om\u00e9triques.<br \/>\u2022 Algorithmique: <a title=\"TP Spirale et suites\" href=\"http:\/\/maths-code.fr\/STMG\/Spirale_suites\/Suites-Python.pdf\">TP:Spirale et suites<\/a>.<\/li>\n<li><strong>Statistiques et probabilit\u00e9s<\/strong><br \/>\u2022 Probabilit\u00e9s associ\u00e9es \u00e0 une exp\u00e9rience al\u00e9atoire.<br \/>\u2022 R\u00e9p\u00e9titions d&rsquo;\u00e9preuves ind\u00e9pendantes \u00e0 2 issues.<\/li>\n<li><strong>Fonctions (d\u00e9rivation)<\/strong>,<br \/>\u2022 Point de vue local.<br \/>\u2022 Tangente \u00e0 une courbe.<br \/>\n<br \/>Visionnez la vid\u00e9o <a title=\"d\u00e9rivation et calcul infinit\u00e9simal\" href=\"https:\/\/www.arte.tv\/fr\/videos\/097454-003-A\/voyages-au-pays-des-maths\"> Fl\u00e2nerie infinit\u00e9simales <\/a> de la s\u00e9rie Voyage au pays des math\u00e9matiques.<\/li>\n<li><strong>Statistiques et probabilit\u00e9s<\/strong><br \/>\u2022Probabilit\u00e9s conditionnelle.<\/li>\n<li><strong>Fonctions (d\u00e9rivation)<\/strong>,<br \/>\u2022 Point de vue global.<br \/>\u2022 D\u00e9riv\u00e9es usuelles.<br \/>\u2022 Sens de variation.<\/li>\n<li><strong>Variables al\u00e9atoires<\/strong><br \/>\u2022 Loi de probabilit\u00e9s.<br \/>\u2022 Esp\u00e9rance.<br \/>\u2022 Loi de Bernouilli.<\/li>\n<\/ul>\n<p><strong>Toute l&rsquo;ann\u00e9e:<\/strong> <a title=\"Automatismes de calcul\" href=\"https:\/\/www.jai20enmaths.com\/1ere-sti2d\/automatismes-calcul-numerique-et-algebrique\">Automatismes de calcul<\/a> en lien avec les diff\u00e9rents chapitres et Algorithmique.<\/p>","protected":false},"excerpt":{"rendered":"<p>Voici la progression de la classe de premi\u00e8re STMG pour cette ann\u00e9 2023-2024. Toute l&rsquo;ann\u00e9e ces chapitres seront agr\u00e9ment\u00e9s d&rsquo;algorithmique avec l&rsquo;utilisation du logiciel de programmation Python et du tableur LibreOffice CALC. N&rsquo;h\u00e9sitez pas \u00e0 vous procurer l&rsquo;interpr\u00e9teur Python utilis\u00e9 en classe sur votre ordinateur: THONNY logiciel libre et gratuit disponible sur http:\/\/thonny.org. En plus de la boite mail et de l&rsquo; Espace Num\u00e9rique de Travail, le forum reste une option pour poser vos questions, il sera utile pour tout travail en distanciel. L&rsquo;\u00e9tude de l&rsquo;algorithmique avec le support du langage Python entreprise en seconde sera poursuivie en premi\u00e8re. Automatismes\u2022 Priorit\u00e9s op\u00e9ratoires, calculer avec des fractions, des puissances.\u2022 Exprimer une proportion sous diff\u00e9rentes formes. Les suites num\u00e9riques I\u2022 D\u00e9finiton par r\u00e9currence, explicite.\u2022 Repr\u00e9sentations graphiques, variations.\u2022 Mod\u00e9liser une situation \u00e0 l&rsquo;aide d&rsquo;une suite.\u2022 Algorithmique: affectations, boucle pour Automatismes\u2022 R\u00e9soudre une \u00e9quation ou une in\u00e9quation.\u2022 Signe d&rsquo;une expression du premier degr\u00e9. Vacances de Toussaint du 18\/10 au 01\/11 Fonctions (approche graphique et expression litt\u00e9rale),\u2022 Images, ant\u00e9c\u00e9dents.\u2022 R\u00e9solution graphique d&rsquo;\u00e9quations ou d&rsquo;in\u00e9quations.\u2022Taux de variation, monotonie.\u2022Algorithmique: Fonctions en Python. Statistiques et probabilit\u00e9s\u2022Tableaux crois\u00e9s.\u2022 Fr\u00e9quence conditionnelle. Fonctions II,\u2022 Fonctions de degr\u00e9 2 et 3.\u2022 Algorithmique: Boucle Tant Que. Les suites num\u00e9riques II\u2022 Suites arithm\u00e9tiques.\u2022 Suites g\u00e9om\u00e9triques.\u2022 Algorithmique: TP:Spirale et suites. Statistiques et probabilit\u00e9s\u2022 Probabilit\u00e9s associ\u00e9es \u00e0 une exp\u00e9rience al\u00e9atoire.\u2022 R\u00e9p\u00e9titions d&rsquo;\u00e9preuves ind\u00e9pendantes \u00e0 2 issues. Fonctions (d\u00e9rivation),\u2022 Point de vue local.\u2022 Tangente \u00e0 une courbe. Visionnez la vid\u00e9o Fl\u00e2nerie infinit\u00e9simales de la s\u00e9rie Voyage au pays des math\u00e9matiques. Statistiques et probabilit\u00e9s\u2022Probabilit\u00e9s conditionnelle. Fonctions (d\u00e9rivation),\u2022 Point de vue global.\u2022 D\u00e9riv\u00e9es usuelles.\u2022 Sens de variation. Variables al\u00e9atoires\u2022 Loi de probabilit\u00e9s.\u2022 Esp\u00e9rance.\u2022 Loi de Bernouilli. Toute l&rsquo;ann\u00e9e: Automatismes de calcul en lien avec les diff\u00e9rents chapitres et Algorithmique.<\/p>\n","protected":false},"author":1,"featured_media":0,"parent":0,"menu_order":0,"comment_status":"closed","ping_status":"closed","template":"","meta":{"_import_markdown_pro_load_document_selector":0,"_import_markdown_pro_submit_text_textarea":"","footnotes":""},"class_list":["post-448","page","type-page","status-publish","hentry"],"acf":[],"_links":{"self":[{"href":"https:\/\/maths-code.fr\/cours\/wp-json\/wp\/v2\/pages\/448","targetHints":{"allow":["GET"]}}],"collection":[{"href":"https:\/\/maths-code.fr\/cours\/wp-json\/wp\/v2\/pages"}],"about":[{"href":"https:\/\/maths-code.fr\/cours\/wp-json\/wp\/v2\/types\/page"}],"author":[{"embeddable":true,"href":"https:\/\/maths-code.fr\/cours\/wp-json\/wp\/v2\/users\/1"}],"replies":[{"embeddable":true,"href":"https:\/\/maths-code.fr\/cours\/wp-json\/wp\/v2\/comments?post=448"}],"version-history":[{"count":31,"href":"https:\/\/maths-code.fr\/cours\/wp-json\/wp\/v2\/pages\/448\/revisions"}],"predecessor-version":[{"id":5419,"href":"https:\/\/maths-code.fr\/cours\/wp-json\/wp\/v2\/pages\/448\/revisions\/5419"}],"wp:attachment":[{"href":"https:\/\/maths-code.fr\/cours\/wp-json\/wp\/v2\/media?parent=448"}],"curies":[{"name":"wp","href":"https:\/\/api.w.org\/{rel}","templated":true}]}}