{"id":6506,"date":"2025-06-13T23:09:46","date_gmt":"2025-06-13T21:09:46","guid":{"rendered":"https:\/\/maths-code.fr\/cours\/?page_id=6506"},"modified":"2025-06-15T01:04:23","modified_gmt":"2025-06-14T23:04:23","slug":"kwartz-et-active-directory","status":"publish","type":"page","link":"https:\/\/maths-code.fr\/cours\/kwartz-et-active-directory\/","title":{"rendered":"Kwartz et Active Directory"},"content":{"rendered":"\n<h4 class=\"wp-block-heading\">1.Utiliser <code>kwartz-install_AD<\/code> <br><\/h4>\n\n\n\n<p>Utiliser <a href=\"https:\/\/forge.apps.education.fr\/romain.debailleul\/NIRD\/-\/blob\/main\/kwartz-install_AD.sh\">kwartz-install_AD <\/a>\u00e0 l&rsquo;identique de <a href=\"https:\/\/maths-code.fr\/cours\/client-gnu-linux-et-open-ldap-2-2\/\">la vid\u00e9o kwartz-install<\/a> mais ne cocher que passwd \u00e0 l&rsquo;invite de configuration de <code>libnss-ldapd<\/code> :<\/p>\n\n\n<div class=\"wp-block-image\">\n<figure class=\"aligncenter size-large is-resized\"><img loading=\"lazy\" decoding=\"async\" width=\"1024\" height=\"754\" src=\"https:\/\/maths-code.fr\/cours\/wp-content\/uploads\/2025\/06\/nsswitch_2-1024x754.png\" alt=\"\" class=\"wp-image-6516\" style=\"width:592px;height:auto\" srcset=\"https:\/\/maths-code.fr\/cours\/wp-content\/uploads\/2025\/06\/nsswitch_2-1024x754.png 1024w, https:\/\/maths-code.fr\/cours\/wp-content\/uploads\/2025\/06\/nsswitch_2-300x221.png 300w, https:\/\/maths-code.fr\/cours\/wp-content\/uploads\/2025\/06\/nsswitch_2-768x565.png 768w, https:\/\/maths-code.fr\/cours\/wp-content\/uploads\/2025\/06\/nsswitch_2-1536x1130.png 1536w, https:\/\/maths-code.fr\/cours\/wp-content\/uploads\/2025\/06\/nsswitch_2-1140x839.png 1140w, https:\/\/maths-code.fr\/cours\/wp-content\/uploads\/2025\/06\/nsswitch_2.png 1590w\" sizes=\"auto, (max-width: 1024px) 100vw, 1024px\" \/><figcaption class=\"wp-element-caption\"><strong>Ne cocher que le service <code>passwd<\/code><\/strong><\/figcaption><\/figure>\n<\/div>\n\n\n<h4 class=\"wp-block-heading\">2.Ajouter les lignes suivantes dans le fichier <code>\/etc\/nslcd.conf<\/code> :<br><\/h4>\n\n\n\n<p>Les variables en gras d\u00e9pendent de votre configuration.<\/p>\n\n\n\n<pre class=\"wp-block-code has-cyan-bluish-gray-color has-text-color has-link-color has-medium-font-size wp-elements-55981a4f6d1968bf8d4a8a33cf69249d\"><code>binddn cn=<strong>compte_kwartz<\/strong>,cn=Users,dc=<strong>062xxxx<\/strong>,dc=<strong>clg<\/strong>,dc=<strong>ac-lille<\/strong>,<strong>dc=fr<\/strong>\nbindpw <strong>Mot_de_passe_compte_Kwartz<\/strong>\n\nreferrals off\n\nfilter group (&amp;(objectClass=group)(gidNumber=*))\n\nmap passwd uid sAMAccountName\nmap passwd homeDirectory unixHomeDirectory\n<\/code><\/pre>\n\n\n\n<p><strong>Remarques : <\/strong><\/p>\n\n\n\n<ul class=\"wp-block-list\">\n<li>Utiliser un compte utilisateur <code>compte_kwartz<\/code> cr\u00e9\u00e9 via la console Kwartz.<\/li>\n\n\n\n<li>Le mot de passe ne doit pas expirer ou \u00eatre chang\u00e9 donc le faire s\u00e9curis\u00e9 et le noter !<\/li>\n\n\n\n<li>La commande binddn ne mentionne que l&rsquo;identifiant <code>compte_kwartz <\/code>(premier cn=).<\/li>\n\n\n\n<li>La commande bindpw ne mentionne que le mot de passe associ\u00e9 \u00e0 ce compte.<\/li>\n<\/ul>\n\n\n\n<p><\/p>\n","protected":false},"excerpt":{"rendered":"<p>1.Utiliser kwartz-install_AD Utiliser kwartz-install_AD \u00e0 l&rsquo;identique de la vid\u00e9o kwartz-install mais ne cocher que passwd \u00e0 l&rsquo;invite de configuration de libnss-ldapd : 2.Ajouter les lignes suivantes dans le fichier \/etc\/nslcd.conf : Les variables en gras d\u00e9pendent de votre configuration. Remarques :<\/p>\n","protected":false},"author":1,"featured_media":0,"parent":0,"menu_order":0,"comment_status":"closed","ping_status":"closed","template":"","meta":{"_import_markdown_pro_load_document_selector":0,"_import_markdown_pro_submit_text_textarea":"","footnotes":""},"class_list":["post-6506","page","type-page","status-publish","hentry"],"acf":[],"_links":{"self":[{"href":"https:\/\/maths-code.fr\/cours\/wp-json\/wp\/v2\/pages\/6506","targetHints":{"allow":["GET"]}}],"collection":[{"href":"https:\/\/maths-code.fr\/cours\/wp-json\/wp\/v2\/pages"}],"about":[{"href":"https:\/\/maths-code.fr\/cours\/wp-json\/wp\/v2\/types\/page"}],"author":[{"embeddable":true,"href":"https:\/\/maths-code.fr\/cours\/wp-json\/wp\/v2\/users\/1"}],"replies":[{"embeddable":true,"href":"https:\/\/maths-code.fr\/cours\/wp-json\/wp\/v2\/comments?post=6506"}],"version-history":[{"count":19,"href":"https:\/\/maths-code.fr\/cours\/wp-json\/wp\/v2\/pages\/6506\/revisions"}],"predecessor-version":[{"id":6540,"href":"https:\/\/maths-code.fr\/cours\/wp-json\/wp\/v2\/pages\/6506\/revisions\/6540"}],"wp:attachment":[{"href":"https:\/\/maths-code.fr\/cours\/wp-json\/wp\/v2\/media?parent=6506"}],"curies":[{"name":"wp","href":"https:\/\/api.w.org\/{rel}","templated":true}]}}