{"id":852,"date":"2021-03-17T13:22:57","date_gmt":"2021-03-17T12:22:57","guid":{"rendered":"http:\/\/maths-code.fr\/cours\/?page_id=852"},"modified":"2022-11-26T11:17:03","modified_gmt":"2022-11-26T10:17:03","slug":"verdir-carnot","status":"publish","type":"page","link":"https:\/\/maths-code.fr\/cours\/verdir-carnot\/","title":{"rendered":"Verdir Carnot"},"content":{"rendered":"<p>Nous avons engag\u00e9 depuis quelques ann\u00e9es avec les \u00e9l\u00e8ves de seconde et les volontaires d\u2019autres classes un projet de verdissement et de sensibilisation \u00e0 la biodiversit\u00e9. En voici quelques objectifs :<\/p>\n<h3>Le lyc\u00e9e comme lieu de vie<\/h3>\n<p>Parti du constat que <a title=\"notre lyc\u00e9e\" href=\"https:\/\/www.lyceecarnot.fr\/\">notre lyc\u00e9e<\/a> de centre ville est essentiellement b\u00e9tonn\u00e9, le premier objectif de ce projet p\u00e9dagogique est d\u2019<strong>am\u00e9liorer le lieu de vie de pr\u00e8s de 2000 \u00e9l\u00e8ves, enseignants et personnel<\/strong>.<br \/>\nIl s\u2019agit de sensibiliser \u00e0 l\u2019<a title=\"importance de la biodiversit\u00e9\" href=\"https:\/\/www.ecologie.gouv.fr\/biodiversite-presentation-et-informations-cles\">importance de la biodiversit\u00e9<\/a> et du verdissement des villes. La pr\u00e9sence d&rsquo;\u00e9co-d\u00e9l\u00e9gu\u00e9 doit \u00eatre mise en valeur.<br \/>\nDans ce projet o\u00f9 chacun doit prendre en consid\u00e9ration l&rsquo;autre, comprendre que chaque action peut avoir un impact sur la vie de tous et int\u00e9grer que les droits sont assortis \u00e0 des devoirs, nous esp\u00e9rons que chaque \u00e9l\u00e8ve deviendra un peu plus citoyen.<br \/>\nLe <strong>co\u00fbt \u00e9cologique du num\u00e9rique<\/strong>, l&#8217;empreinte carbone sont \u00e9voqu\u00e9s.<\/p>\n<h3>Travailler en \u00e9quipe<\/h3>\n<p><strong>Les \u00e9l\u00e8ves travaillent en groupe<\/strong> avec professeurs et agents du lyc\u00e9e\u00a0: nous avons d\u00e9j\u00e0 r\u00e9alis\u00e9 avec ces groupes d&rsquo;\u00e9l\u00e8ves et d&rsquo;agents quelques modestes plantations \u00e0 partir de donations, parents d\u2019\u00e9l\u00e8ves et coll\u00e8gues, mais nous manquons de moyens.<br \/>\n<a title=\"Verdir Carnot\" href=\"http:\/\/maths-code.fr\/Seconde\/images\/Photo1_2.png\"><img decoding=\"async\" title=\"Verdir Carnot\" src=\"http:\/\/maths-code.fr\/Seconde\/images\/Photo1_2.png\" alt=\"Verdir Carnot\" \/><\/a><\/p>\n<blockquote><p>Le premier objectif de ce projet p\u00e9dagogique est d\u2019am\u00e9liorer le lieu de vie de pr\u00e8s de 2000 \u00e9l\u00e8ves, enseignants et personnel.<br \/>\nIl s\u2019agit de sensibiliser \u00e0 l\u2019importance de la biodiversit\u00e9 et du verdissement des villes.<\/p><\/blockquote>\n<h3>Communiquer<\/h3>\n<h4>En interne<\/h4>\n<p>Il faut communiquer en interne\u00a0: direction, intendance, et agents, coordonner ce projet avec celui des enseignants de SVT (Me Gorgibus), du groupe <a title=\" PERSEVAL\" href=\"http:\/\/www1.ac-lille.fr\/cid99869\/perseval.html\"> PERSEVAL<\/a> de la SEP (Me Variniac), et de <a title=\"G\u00e9n\u00e9rations\/Biodiversit\u00e9\" href=\"https:\/\/www.hautsdefrance.fr\/projet-biodiversite-lycees\/\">G\u00e9n\u00e9rations\/Biodiversit\u00e9<\/a> (Me Lisewski).<\/p>\n<h4>Vers l\u2019exterieur du lyc\u00e9e\u00a0:<\/h4>\n<p>\u200bLa mairie (pr\u00e9c\u00e9dent mandat 2018-2019,) avait r\u00e9agi positivement aux demandes des diff\u00e9rents groupes. Les services\u00a0 espaces verts de la ville de Bruay (Contact: M.Berthelin) se sont d\u00e9plac\u00e9s pour r\u00e9aliser un bilan technique dans l&rsquo;enceinte du lyc\u00e9e (Bilan de la visite: M.Jeanne). Le service communication a \u00e9galement fourni son aide pour faire parler de ce projet. Photos et articles ont \u00e9t\u00e9 publi\u00e9s: <a title=\"Verdir Carnot-marie de Bruay\" href=\"http:\/\/bruaylabuissiere.fr\/les-eleves-de-seconde-se-mobilisent-pour-verdir-le-lycee-carnot\/\">Verdir Carnot-marie de Bruay<\/a><\/p>\n<p>Ces aides bien qu\u2019appr\u00e9ciables n\u2019ont pas permis de finaliser le projet.<\/p>\n<p>\u200bLa r\u00e9gion n\u2019avait \u00e0 l\u2019\u00e9poque (2016-2017) pas donn\u00e9 de r\u00e9ponse, m\u00eame n\u00e9gative, aux multiples mails des \u00e9l\u00e8ves.<\/p>\n<h3>Math\u00e9matiques et num\u00e9rique<\/h3>\n<p>Sur un volet plus didactique, une mesure sur plan num\u00e9rique (Geoportail) et sur le terrain des surfaces \u00e0 g\u00e9rer doit \u00eatre r\u00e9alis\u00e9e. Il en existe d\u00e9j\u00e0 des versions travaill\u00e9es par les \u00e9l\u00e8ves de seconde.<br \/>\nCes derniers ont \u00e9galement con\u00e7u des feuilles calcul automatis\u00e9es pour le<strong> calcul de devis<\/strong>\u00a0: plants, bacs, outillage. Elles doivent \u00eatre finalis\u00e9es.<\/p>\n<figure id=\"attachment_1920\" aria-describedby=\"caption-attachment-1920\" style=\"width: 526px\" class=\"wp-caption aligncenter\"><img loading=\"lazy\" decoding=\"async\" class=\"wp-image-1920\" title=\"Verdir Carnot Bruay. Des professeurs en action: Cours Nord et Sud.\" src=\"https:\/\/maths-code.fr\/cours\/wp-content\/uploads\/2022\/11\/clotilde-JL2.png\" alt=\"Professeurs actifs dans la cour sud.\" width=\"526\" height=\"430\" srcset=\"https:\/\/maths-code.fr\/cours\/wp-content\/uploads\/2022\/11\/clotilde-JL2.png 979w, https:\/\/maths-code.fr\/cours\/wp-content\/uploads\/2022\/11\/clotilde-JL2-300x245.png 300w, https:\/\/maths-code.fr\/cours\/wp-content\/uploads\/2022\/11\/clotilde-JL2-768x628.png 768w\" sizes=\"auto, (max-width: 526px) 100vw, 526px\" \/><figcaption id=\"caption-attachment-1920\" class=\"wp-caption-text\">Verdir le lyc\u00e9e Carnot Bruay. Professeurs dans la cour Nord et Sud.<\/figcaption><\/figure>\n<p>Projet bas\u00e9 sur les essences locales, Il est tout de m\u00eame pr\u00e9vu l\u2019ajout de quelques esp\u00e8ces non locales: Lilas (cour Nord), Osmanthe (espace int\u00e9rieur sous d\u00f4me) et Abelia ne figurant pas parmi les esp\u00e8ces locales avec <a title=\"Plantons le d\u00e9cor\" href=\"https:\/\/www.plantonsledecor.fr\/\">Plantons le d\u00e9cor<\/a>.<\/p>\n<h2>R\u00e9alisation Plan Arbres: novembre 2022<\/h2>\n<p>Les projets \u00ab\u00a0Verdir Carnot\u00a0\u00bb des classes de seconde et du club Nature accompagn\u00e9s par l&rsquo;intendance ont \u00e9t\u00e9 d\u00e9pos\u00e9s pour le <a href=\"https:\/\/www.hautsdefrance.fr\/plan-arbres-en-region\/\">plan Arbre<\/a>. C&rsquo;est une r\u00e9ussite puisqu&rsquo;ils ont permis d&rsquo;obtenir une subvention d&rsquo;environ 20 000 euros aupr\u00e8s de la r\u00e9gion Hauts-de-France.<\/p>\n<blockquote><p>Associ\u00e9 au <a href=\"https:\/\/maths-code.fr\/cours\/numerique-responsable\/\">projet NIRD :num\u00e9rique inclusif, responsable et durable<\/a>, cette action met le d\u00e9veloppement durable en avant aupr\u00e8s des \u00e9l\u00e8ves et de la communaut\u00e9 \u00e9ducative.<\/p><\/blockquote>\n<p>En Novembre 2022, la soci\u00e9t\u00e9 Terenvi accompagn\u00e9e des \u00e9co-d\u00e9l\u00e9gu\u00e9s et des \u00e9l\u00e8ves du club Nature effectuent la r\u00e9alisation propos\u00e9e. Les deux terrains sont situ\u00e9s dans la cour Nord et dans l&rsquo;espace, auparavant interdit d&rsquo;acc\u00e8s aux \u00e9l\u00e8ves, situ\u00e9 entre le N92 et la salle des sports.<\/p>\n<figure id=\"attachment_1932\" aria-describedby=\"caption-attachment-1932\" style=\"width: 589px\" class=\"wp-caption aligncenter\"><img loading=\"lazy\" decoding=\"async\" class=\"wp-image-1932\" src=\"https:\/\/maths-code.fr\/cours\/wp-content\/uploads\/2022\/11\/JArdin-1.jpg\" alt=\"\" width=\"589\" height=\"442\" srcset=\"https:\/\/maths-code.fr\/cours\/wp-content\/uploads\/2022\/11\/JArdin-1.jpg 800w, https:\/\/maths-code.fr\/cours\/wp-content\/uploads\/2022\/11\/JArdin-1-300x225.jpg 300w, https:\/\/maths-code.fr\/cours\/wp-content\/uploads\/2022\/11\/JArdin-1-768x576.jpg 768w\" sizes=\"auto, (max-width: 589px) 100vw, 589px\" \/><figcaption id=\"caption-attachment-1932\" class=\"wp-caption-text\">D\u00e9sormais ouvert aux \u00e9l\u00e8ves, le jardin est am\u00e9nag\u00e9 de bancs, arbres fruitiers, herbes et haies. Merci aux diff\u00e9rents acteurs.<\/figcaption><\/figure>\n<blockquote><p>Il reste la cour sud et les jardins int\u00e9rieurs \u00e0 finaliser. Aux arbres !<\/p><\/blockquote>\n","protected":false},"excerpt":{"rendered":"<p>Nous avons engag\u00e9 depuis quelques ann\u00e9es avec les \u00e9l\u00e8ves de seconde et les volontaires d\u2019autres classes un projet de verdissement et de sensibilisation \u00e0 la biodiversit\u00e9. En voici quelques objectifs : Le lyc\u00e9e comme lieu de vie Parti du constat que notre lyc\u00e9e de centre ville est essentiellement b\u00e9tonn\u00e9, le premier objectif de ce projet p\u00e9dagogique est d\u2019am\u00e9liorer le lieu de vie de pr\u00e8s de 2000 \u00e9l\u00e8ves, enseignants et personnel. Il s\u2019agit de sensibiliser \u00e0 l\u2019importance de la biodiversit\u00e9 et du verdissement des villes. La pr\u00e9sence d&rsquo;\u00e9co-d\u00e9l\u00e9gu\u00e9 doit \u00eatre mise en valeur. Dans ce projet o\u00f9 chacun doit prendre en consid\u00e9ration l&rsquo;autre, comprendre que chaque action peut avoir un impact sur la vie de tous et int\u00e9grer que les droits sont assortis \u00e0 des devoirs, nous esp\u00e9rons que chaque \u00e9l\u00e8ve deviendra un peu plus citoyen. Le co\u00fbt \u00e9cologique du num\u00e9rique, l&#8217;empreinte carbone sont \u00e9voqu\u00e9s. Travailler en \u00e9quipe Les \u00e9l\u00e8ves travaillent en groupe avec professeurs et agents du lyc\u00e9e\u00a0: nous avons d\u00e9j\u00e0 r\u00e9alis\u00e9 avec ces groupes d&rsquo;\u00e9l\u00e8ves et d&rsquo;agents quelques modestes plantations \u00e0 partir de donations, parents d\u2019\u00e9l\u00e8ves et coll\u00e8gues, mais nous manquons de moyens. Le premier objectif de ce projet p\u00e9dagogique est d\u2019am\u00e9liorer le lieu de vie de pr\u00e8s de 2000 \u00e9l\u00e8ves, enseignants et personnel. Il s\u2019agit de sensibiliser \u00e0 l\u2019importance de la biodiversit\u00e9 et du verdissement des villes. Communiquer En interne Il faut communiquer en interne\u00a0: direction, intendance, et agents, coordonner ce projet avec celui des enseignants de SVT (Me Gorgibus), du groupe PERSEVAL de la SEP (Me Variniac), et de G\u00e9n\u00e9rations\/Biodiversit\u00e9 (Me Lisewski). Vers l\u2019exterieur du lyc\u00e9e\u00a0: \u200bLa mairie (pr\u00e9c\u00e9dent mandat 2018-2019,) avait r\u00e9agi positivement aux demandes des diff\u00e9rents groupes. Les services\u00a0 espaces verts de la ville de Bruay (Contact: M.Berthelin) se sont d\u00e9plac\u00e9s pour r\u00e9aliser un bilan technique dans l&rsquo;enceinte du lyc\u00e9e (Bilan de la visite: M.Jeanne). Le service communication a \u00e9galement fourni son aide pour faire parler de ce projet. Photos et articles ont \u00e9t\u00e9 publi\u00e9s: Verdir Carnot-marie de Bruay Ces aides bien qu\u2019appr\u00e9ciables n\u2019ont pas permis de finaliser le projet. \u200bLa r\u00e9gion n\u2019avait \u00e0 l\u2019\u00e9poque (2016-2017) pas donn\u00e9 de r\u00e9ponse, m\u00eame n\u00e9gative, aux multiples mails des \u00e9l\u00e8ves. Math\u00e9matiques et num\u00e9rique Sur un volet plus didactique, une mesure sur plan num\u00e9rique (Geoportail) et sur le terrain des surfaces \u00e0 g\u00e9rer doit \u00eatre r\u00e9alis\u00e9e. Il en existe d\u00e9j\u00e0 des versions travaill\u00e9es par les \u00e9l\u00e8ves de seconde. Ces derniers ont \u00e9galement con\u00e7u des feuilles calcul automatis\u00e9es pour le calcul de devis\u00a0: plants, bacs, outillage. Elles doivent \u00eatre finalis\u00e9es. Projet bas\u00e9 sur les essences locales, Il est tout de m\u00eame pr\u00e9vu l\u2019ajout de quelques esp\u00e8ces non locales: Lilas (cour Nord), Osmanthe (espace int\u00e9rieur sous d\u00f4me) et Abelia ne figurant pas parmi les esp\u00e8ces locales avec Plantons le d\u00e9cor. R\u00e9alisation Plan Arbres: novembre 2022 Les projets \u00ab\u00a0Verdir Carnot\u00a0\u00bb des classes de seconde et du club Nature accompagn\u00e9s par l&rsquo;intendance ont \u00e9t\u00e9 d\u00e9pos\u00e9s pour le plan Arbre. C&rsquo;est une r\u00e9ussite puisqu&rsquo;ils ont permis d&rsquo;obtenir une subvention d&rsquo;environ 20 000 euros aupr\u00e8s de la r\u00e9gion Hauts-de-France. Associ\u00e9 au projet NIRD :num\u00e9rique inclusif, responsable et durable, cette action met le d\u00e9veloppement durable en avant aupr\u00e8s des \u00e9l\u00e8ves et de la communaut\u00e9 \u00e9ducative. En Novembre 2022, la soci\u00e9t\u00e9 Terenvi accompagn\u00e9e des \u00e9co-d\u00e9l\u00e9gu\u00e9s et des \u00e9l\u00e8ves du club Nature effectuent la r\u00e9alisation propos\u00e9e. Les deux terrains sont situ\u00e9s dans la cour Nord et dans l&rsquo;espace, auparavant interdit d&rsquo;acc\u00e8s aux \u00e9l\u00e8ves, situ\u00e9 entre le N92 et la salle des sports. Il reste la cour sud et les jardins int\u00e9rieurs \u00e0 finaliser. Aux arbres !<\/p>\n","protected":false},"author":1,"featured_media":0,"parent":0,"menu_order":0,"comment_status":"closed","ping_status":"closed","template":"","meta":{"_import_markdown_pro_load_document_selector":0,"_import_markdown_pro_submit_text_textarea":"","footnotes":""},"class_list":["post-852","page","type-page","status-publish","hentry"],"acf":[],"_links":{"self":[{"href":"https:\/\/maths-code.fr\/cours\/wp-json\/wp\/v2\/pages\/852","targetHints":{"allow":["GET"]}}],"collection":[{"href":"https:\/\/maths-code.fr\/cours\/wp-json\/wp\/v2\/pages"}],"about":[{"href":"https:\/\/maths-code.fr\/cours\/wp-json\/wp\/v2\/types\/page"}],"author":[{"embeddable":true,"href":"https:\/\/maths-code.fr\/cours\/wp-json\/wp\/v2\/users\/1"}],"replies":[{"embeddable":true,"href":"https:\/\/maths-code.fr\/cours\/wp-json\/wp\/v2\/comments?post=852"}],"version-history":[{"count":42,"href":"https:\/\/maths-code.fr\/cours\/wp-json\/wp\/v2\/pages\/852\/revisions"}],"predecessor-version":[{"id":1951,"href":"https:\/\/maths-code.fr\/cours\/wp-json\/wp\/v2\/pages\/852\/revisions\/1951"}],"wp:attachment":[{"href":"https:\/\/maths-code.fr\/cours\/wp-json\/wp\/v2\/media?parent=852"}],"curies":[{"name":"wp","href":"https:\/\/api.w.org\/{rel}","templated":true}]}}