{"id":882,"date":"2021-03-22T20:33:47","date_gmt":"2021-03-22T19:33:47","guid":{"rendered":"http:\/\/maths-code.fr\/cours\/?page_id=882"},"modified":"2022-02-18T15:54:17","modified_gmt":"2022-02-18T14:54:17","slug":"projets-equipe-the-cloudbox","status":"publish","type":"page","link":"https:\/\/maths-code.fr\/cours\/projets-equipe-the-cloudbox\/","title":{"rendered":"Projets: Equipe The CloudBox"},"content":{"rendered":"<h3>Int\u00e9gration STI: grand site des deux caps.<\/h3>\n<p>En 2018, l&rsquo;int\u00e9gration a eu lieu sur le grand stte national des deux caps, apr\u00e8s une visite du mus\u00e9e de <em>la Coupole<\/em> \u00e0 Helfaut. Ce fut l&rsquo;occasion de discuter d&rsquo;<em>Alan Turing<\/em>, math\u00e9maticien britannique, un des p\u00e8re fondateur de l&rsquo;informatique avec <em>Alonzo Church<\/em> et <em>John Von Neumann<\/em>. <em>Turing<\/em> et son \u00e9quipe bris\u00e8rent le cryptage de la machine allemande <em>Enigma<\/em>.<br \/>\n<a href=\"http:\/\/maths-code.fr\/images2\/Wissant_STI.JPG\" title=\"Wissant-STI\"><img decoding=\"async\" src=\"http:\/\/maths-code.fr\/images2\/Wissant_STI.JPG\" alt=\"Wissant-STI\" title=\"Wissant-STI\" \/><\/a><\/p>\n<p>Les terminales STI encadr\u00e9s par l&rsquo;\u00e9quipe de la <strong>CloudBox<\/strong> et notre indispensable AESH Micha\u00ebl Thuillier se sont rendus de Wissant au cap Blanc-Nez. <\/p>\n<blockquote>\n<p>La randonn\u00e9e s&rsquo;est effectu\u00e9e sous le soleil et par la plage avec le cap Blanc-Nez en point d&rsquo;orgue.<br \/>\nLa travers\u00e9e de la baie de <strong>Wissant<\/strong>, puis l&rsquo;ascension du <strong>Blanc-Nez<\/strong> avec la joellette de Matthieu port\u00e9e par ses copains de classe restera un moment inoubliable.<\/p>\n<\/blockquote>\n<h3>Olympiade de sciences de l&rsquo;ing\u00e9nieur<\/h3>\n<p>En 2017, les \u00e9l\u00e8ves de Terminale STI ont remport\u00e9 le prix de l&rsquo;innovation pour le projet <strong>Teleporthead<\/strong> \u00e0 Lille lors des olympiades de science de l&rsquo;ing\u00e9nieur.<br \/>\nEn 2018-2019, apr\u00e8s les finales acad\u00e9miques sur le site d&rsquo;<strong>Euratechnologie<\/strong> \u00e0 Lille, les \u00e9l\u00e8ves de STI et l&rsquo;\u00e9quipe <strong>The CloudBox<\/strong> ont obtenu leur billet pour la finale nationale \u00e0 Paris, sur le site du fabricant de robot et d&rsquo;automates industriels <strong>FANUC<\/strong>.<\/p>\n<hr \/>\n<p>La vid\u00e9o du projet r\u00e9alis\u00e9e par Gildas Guillemant:<a href=\"https:\/\/www.youtube.com\/watch?v=dP6oYE137Pw\" title=\"The CloudBox\">The CloudBox<\/a><\/p>\n<hr \/>\n<p><a href=\"http:\/\/maths-code.fr\/images2\/CloudBox.jpg\" title=\"Equipe The CloudBox\"><img decoding=\"async\" src=\"http:\/\/maths-code.fr\/images2\/CloudBox.jpg\" alt=\"Equipe The CloudBox\" title=\"Equipe The CloudBox\" \/><\/a><br \/>\nFinale nationale \u00e0 Paris des groupes SIN et ITEC: merci \u00e0 tous !<\/p>\n<blockquote>\n<p>Une cha\u00eene de t\u00e9l\u00e9vision a contact\u00e9 l&rsquo;\u00e9quipe pour r\u00e9aliser un reportage sur l&rsquo;aventure The CloudBox. Affaire \u00e0 suivre&#8230;<\/p>\n<\/blockquote>\n<h3>Equipe p\u00e9dagogique<\/h3>\n<p>Le groupe \u00e9l\u00e8ve de la CloudBox encadr\u00e9 par l&rsquo;\u00e9quipe p\u00e9dagogique.<\/p>\n<ul>\n<li>\n<p>De droite \u00e0 gauche sur la photo ci-dessus: Gildas Guillemant (ITEC),  Emilie Faivre (Anglais), Pascal Beel (SIN).<\/p>\n<\/li>\n<li>\n<p>De gauche \u00e0 droite:  Romain Debailleul (Math\u00e9matiques), Pascal Zorms(Sciences Physiques).<br \/>\nMerci \u00e0 Karine et Micha\u00ebl du service communication de la ville de Bruay.<br \/>\n<a href=\"https:\/\/www.lyceecarnot.fr\/index.php\/actualites\/actualites-lycee\/313-finale-nationale-des-olympiades-de-si\">https:\/\/www.lyceecarnot.fr\/index.php\/actualites\/actualites-lycee\/313-finale-nationale-des-olympiades-de-si<\/a><\/p>\n<\/li>\n<\/ul>\n","protected":false},"excerpt":{"rendered":"<p>Int\u00e9gration STI: grand site des deux caps. En 2018, l&rsquo;int\u00e9gration a eu lieu sur le grand stte national des deux caps, apr\u00e8s une visite du mus\u00e9e de la Coupole \u00e0 Helfaut. Ce fut l&rsquo;occasion de discuter d&rsquo;Alan Turing, math\u00e9maticien britannique, un des p\u00e8re fondateur de l&rsquo;informatique avec Alonzo Church et John Von Neumann. Turing et son \u00e9quipe bris\u00e8rent le cryptage de la machine allemande Enigma. Les terminales STI encadr\u00e9s par l&rsquo;\u00e9quipe de la CloudBox et notre indispensable AESH Micha\u00ebl Thuillier se sont rendus de Wissant au cap Blanc-Nez. La randonn\u00e9e s&rsquo;est effectu\u00e9e sous le soleil et par la plage avec le cap Blanc-Nez en point d&rsquo;orgue. La travers\u00e9e de la baie de Wissant, puis l&rsquo;ascension du Blanc-Nez avec la joellette de Matthieu port\u00e9e par ses copains de classe restera un moment inoubliable. Olympiade de sciences de l&rsquo;ing\u00e9nieur En 2017, les \u00e9l\u00e8ves de Terminale STI ont remport\u00e9 le prix de l&rsquo;innovation pour le projet Teleporthead \u00e0 Lille lors des olympiades de science de l&rsquo;ing\u00e9nieur. En 2018-2019, apr\u00e8s les finales acad\u00e9miques sur le site d&rsquo;Euratechnologie \u00e0 Lille, les \u00e9l\u00e8ves de STI et l&rsquo;\u00e9quipe The CloudBox ont obtenu leur billet pour la finale nationale \u00e0 Paris, sur le site du fabricant de robot et d&rsquo;automates industriels FANUC. La vid\u00e9o du projet r\u00e9alis\u00e9e par Gildas Guillemant:The CloudBox Finale nationale \u00e0 Paris des groupes SIN et ITEC: merci \u00e0 tous ! Une cha\u00eene de t\u00e9l\u00e9vision a contact\u00e9 l&rsquo;\u00e9quipe pour r\u00e9aliser un reportage sur l&rsquo;aventure The CloudBox. Affaire \u00e0 suivre&#8230; Equipe p\u00e9dagogique Le groupe \u00e9l\u00e8ve de la CloudBox encadr\u00e9 par l&rsquo;\u00e9quipe p\u00e9dagogique. De droite \u00e0 gauche sur la photo ci-dessus: Gildas Guillemant (ITEC), Emilie Faivre (Anglais), Pascal Beel (SIN). De gauche \u00e0 droite: Romain Debailleul (Math\u00e9matiques), Pascal Zorms(Sciences Physiques). Merci \u00e0 Karine et Micha\u00ebl du service communication de la ville de Bruay. https:\/\/www.lyceecarnot.fr\/index.php\/actualites\/actualites-lycee\/313-finale-nationale-des-olympiades-de-si<\/p>\n","protected":false},"author":1,"featured_media":0,"parent":0,"menu_order":0,"comment_status":"closed","ping_status":"closed","template":"","meta":{"_import_markdown_pro_load_document_selector":0,"_import_markdown_pro_submit_text_textarea":"","footnotes":""},"class_list":["post-882","page","type-page","status-publish","hentry"],"acf":[],"_links":{"self":[{"href":"https:\/\/maths-code.fr\/cours\/wp-json\/wp\/v2\/pages\/882","targetHints":{"allow":["GET"]}}],"collection":[{"href":"https:\/\/maths-code.fr\/cours\/wp-json\/wp\/v2\/pages"}],"about":[{"href":"https:\/\/maths-code.fr\/cours\/wp-json\/wp\/v2\/types\/page"}],"author":[{"embeddable":true,"href":"https:\/\/maths-code.fr\/cours\/wp-json\/wp\/v2\/users\/1"}],"replies":[{"embeddable":true,"href":"https:\/\/maths-code.fr\/cours\/wp-json\/wp\/v2\/comments?post=882"}],"version-history":[{"count":33,"href":"https:\/\/maths-code.fr\/cours\/wp-json\/wp\/v2\/pages\/882\/revisions"}],"predecessor-version":[{"id":1294,"href":"https:\/\/maths-code.fr\/cours\/wp-json\/wp\/v2\/pages\/882\/revisions\/1294"}],"wp:attachment":[{"href":"https:\/\/maths-code.fr\/cours\/wp-json\/wp\/v2\/media?parent=882"}],"curies":[{"name":"wp","href":"https:\/\/api.w.org\/{rel}","templated":true}]}}